{"id":1351,"date":"2021-01-25T20:23:06","date_gmt":"2021-01-25T19:23:06","guid":{"rendered":"https:\/\/topcasino-pl.com\/ueber-uns\/"},"modified":"2022-12-28T11:41:00","modified_gmt":"2022-12-28T10:41:00","slug":"uber-uns","status":"publish","type":"page","link":"https:\/\/topcasino-pl.com\/de\/uber-uns\/","title":{"rendered":"\u00dcber uns"},"content":{"rendered":"<p>Nicht alle Informationsquellen sprechen so detailliert \u00fcber das Wazamba Casino, wie es unser Team versucht hat. Ein Online-Club mit diesem Bekanntheitsgrad verdient eine ausf\u00fchrliche Beschreibung. Daher bietet unsere Website n\u00fctzliche Informationen, die die h\u00e4ufigsten Fragen beantworten. Bitte beachten Sie, dass <a href=\"https:\/\/topcasino-pl.com\/de\/\">dev.topcasino-en.com<\/a> keine Zahlungen akzeptiert und nicht um Geld spielt, das gesamte Material wird zu Einf\u00fchrungszwecken bereitgestellt.<\/p>\n<p>Auf unserer Website finden Sie Informationen \u00fcber den Katalog der Wazamba-Casinospiele, der bisher \u00fcber 2.500 Spielautomaten angeh\u00e4uft hat. Das Gaming-Portfolio umfasst nicht nur Slots, sondern auch Story-Games, sowie Poker, Roulette und Live-Casinos.<\/p>\n<p>Wir werden Sie \u00fcber so wichtige Funktionen des <a href=\"https:\/\/topcasino-pl.com\/de\/\">Wazamba<\/a> -Spiels wie Kundenservice und Zahlungsmethoden informieren. Wohin kann ich mich wenden, wenn ich Probleme habe, mich anzumelden oder den Bonus zu aktivieren? Welche Dienste oder W\u00e4hrungen kann ich verwenden, um mein Guthaben aufzuladen? Die Antworten finden Sie in den Rubriken unserer Website.<\/p>\n<p>Dar\u00fcber hinaus behandelt ein separater Artikel alle Wazamba Casino-Aktien. Hier finden Sie die Allgemeinen Gesch\u00e4ftsbedingungen aller Casino-Events. Wir beschreiben auch ausf\u00fchrlich das Treueprogramm und wie man es benutzt.<\/p>\n<p>Vergessen Sie nicht, den Spielebereich zu besuchen. Hier k\u00f6nnen Sie eine Beschreibung der Spielautomaten sehen, die Regeln der beliebtesten Spiele lesen und einige davon kostenlos spielen. So k\u00f6nnen Sie Casinospiele ohne Einzahlung oder Registrierung sehen.<\/p>\n<p>Alle Informationen auf der Website <a href=\"https:\/\/topcasino-pl.com\/de\/\">topcasino-pl.com<\/a> werden zu Informationszwecken pr\u00e4sentiert.<\/p>\n","protected":false},"excerpt":{"rendered":"<p>Nicht alle Informationsquellen sprechen so detailliert \u00fcber das Wazamba Casino, wie es unser Team versucht hat. Ein Online-Club mit diesem Bekanntheitsgrad verdient eine ausf\u00fchrliche Beschreibung. Daher bietet unsere Website n\u00fctzliche Informationen, die die h\u00e4ufigsten Fragen beantworten. Bitte beachten Sie, dass dev.topcasino-en.com keine Zahlungen akzeptiert und nicht um Geld spielt, das gesamte Material wird zu Einf\u00fchrungszwecken &hellip;<\/p>\n","protected":false},"author":1,"featured_media":0,"parent":0,"menu_order":0,"comment_status":"closed","ping_status":"closed","template":"","meta":[],"amp_enabled":true,"_links":{"self":[{"href":"https:\/\/topcasino-pl.com\/de\/wp-json\/wp\/v2\/pages\/1351"}],"collection":[{"href":"https:\/\/topcasino-pl.com\/de\/wp-json\/wp\/v2\/pages"}],"about":[{"href":"https:\/\/topcasino-pl.com\/de\/wp-json\/wp\/v2\/types\/page"}],"author":[{"embeddable":true,"href":"https:\/\/topcasino-pl.com\/de\/wp-json\/wp\/v2\/users\/1"}],"replies":[{"embeddable":true,"href":"https:\/\/topcasino-pl.com\/de\/wp-json\/wp\/v2\/comments?post=1351"}],"version-history":[{"count":2,"href":"https:\/\/topcasino-pl.com\/de\/wp-json\/wp\/v2\/pages\/1351\/revisions"}],"predecessor-version":[{"id":2417,"href":"https:\/\/topcasino-pl.com\/de\/wp-json\/wp\/v2\/pages\/1351\/revisions\/2417"}],"wp:attachment":[{"href":"https:\/\/topcasino-pl.com\/de\/wp-json\/wp\/v2\/media?parent=1351"}],"curies":[{"name":"wp","href":"https:\/\/api.w.org\/{rel}","templated":true}]}}