{"id":1358,"date":"2020-10-15T23:39:49","date_gmt":"2020-10-15T22:39:49","guid":{"rendered":"https:\/\/topcasino-pl.com\/gratis-spiele\/"},"modified":"2022-12-21T08:27:49","modified_gmt":"2022-12-21T07:27:49","slug":"gratis-spiele","status":"publish","type":"page","link":"https:\/\/topcasino-pl.com\/de\/gratis-spiele\/","title":{"rendered":"Gratis Spiele"},"content":{"rendered":"\n<p>Die kostenlosen Variationen der Wazamba-Spielautomaten erm\u00f6glichen es Anf\u00e4ngern, die Steuerelemente schnell zu entdecken und die Regeln des Videospiels zu verstehen, ohne pers\u00f6nliches Geld zu verlieren. Sie riskieren absolut nichts, lernen das Spielsystem, testen die App und entscheiden sich zu bleiben und echtes Geld zu setzen oder wegzugehen. F\u00fcr Anf\u00e4nger sind sie n\u00fctzlich, weil Sie die Regeln schnell verstehen k\u00f6nnen, und f\u00fcr Experten k\u00f6nnen Sie den Algorithmus und die H\u00e4ufigkeit der Einnahmen besser verstehen, ohne sich auf der Website registrieren zu m\u00fcssen.<br> Wenn Sie die Walzen ohne Einzahlung drehen, erhalten Sie nat\u00fcrlich virtuelle Punkte und kein Geld. Diese Punkte k\u00f6nnen jedoch auch gegen echtes Geld eingel\u00f6st werden, wenn Sie sich auf der Website registrieren.<br> Um Ihre Spielpunkte gegen Geld einzul\u00f6sen, m\u00fcssen Sie mindestens eine Einzahlung vornehmen, solange die Vager-Bedingungen erf\u00fcllt sind. Die Punkteumrechnungsrate h\u00e4ngt von Ihrem Aktivit\u00e4tsniveau und der H\u00f6he Ihrer Einzahlung ab. Je h\u00f6her Ihr Niveau ist, desto besser wird der Wechselkurs sein.<\/p> <\/div> <\/header> <div class=\"mag-box small-wide-post-box wide-post-box top-news-box\"> <div class=\"container-wrapper\"> <div class=\"mag-box-container clearfix\"> <ul class=\"posts-items\" data-layout=\"default\" data-settings=\"{'uncropped_image':'jannah-image-post','category_meta':false,'post_meta':true,'excerpt':'true','excerpt_length':'20','read_more':'true','read_more_text':false,'media_overlay':false,'title_length':0,'is_full':true,'is_category':true}\" id=\"posts-container\"> <li class=\"post-item  post-1076 post type-post status-publish format-standard has-post-thumbnail category-darmowe-gry tie-standard\"> <a aria-label=\"Dark King: Forbidden Riches - Slot-Funktionen\" class=\"post-thumb\" href=\"https:\/\/topcasino-pl.com\/de\/der-dunkle-konig-verbotene-reichtumer\/\"><img decoding=\"async\" loading=\"lazy\" alt=\"Dark King: Forbidden Riches-Logotyp\" class=\"attachment-jannah-image-large size-jannah-image-large lazy-img wp-post-image nitro-lazy\" data-src=\"https:\/\/cdn-cklap.nitrocdn.com\/aBLxBwCLLcPTPTePsoGGGEIjDsKJIVyl\/assets\/static\/optimized\/rev-e0bd89e\/wp-content\/uploads\/dark-king-logo-min-390x220.png\" height=\"220\" id=\"NTQ0OjY2Mw==-1\" nitro-lazy-empty=\"nitro-lazy-empty\" nitro-lazy-src=\"https:\/\/cdn-cklap.nitrocdn.com\/aBLxBwCLLcPTPTePsoGGGEIjDsKJIVyl\/assets\/static\/optimized\/rev-e0bd89e\/wp-content\/uploads\/dark-king-logo-min-390x220.png\" src=\"data:image\/svg+xml;nitro-empty-id=NTQ0OjY2Mw==-1;base64,PHN2ZyB2aWV3Qm94PSIwIDAgMzkwIDIyMCIgd2lkdGg9IjM5MCIgaGVpZ2h0PSIyMjAiIHhtbG5zPSJodHRwOi8vd3d3LnczLm9yZy8yMDAwL3N2ZyI+PC9zdmc+\" title=\"Dark King: Forbidden Riches \u2013 Slot 1-Funktionen\" width=\"390\"><\/a> <div class=\"post-details\"> <div class=\"post-meta clearfix\"><span class=\"date meta-item tie-icon\" data-no-translation=\"\" data-trp-gettext=\"\">3 Wochen vor<\/span><div class=\"tie-alignright\"><span class=\"meta-views meta-item\"><span aria-hidden=\"true\" class=\"tie-icon-fire\"><\/span> 21 <\/span><\/div><\/div> <h2 class=\"post-title\"><a href=\"https:\/\/topcasino-pl.com\/de\/der-dunkle-konig-verbotene-reichtumer\/\">Dark King: Forbidden Riches &#8211; Slot-Funktionen<\/a><\/h2> <a class=\"more-link button\" data-no-translation=\"\" data-trp-gettext=\"\" href=\"https:\/\/topcasino-pl.com\/de\/der-dunkle-konig-verbotene-reichtumer\/\">Weiterlesen \u00bb<\/a> <\/div> <\/li> <li class=\"post-item  post-94 post type-post status-publish format-standard has-post-thumbnail category-darmowe-gry tie-standard\"> <a aria-label=\"K\u00f6nigsmacher\" class=\"post-thumb\" href=\"https:\/\/topcasino-pl.com\/de\/konigsmacher\/\"><img decoding=\"async\" loading=\"lazy\" alt=\"Casino-Spiel\" class=\"attachment-jannah-image-large size-jannah-image-large lazy-img wp-post-image nitro-lazy\" data-src=\"https:\/\/cdn-cklap.nitrocdn.com\/aBLxBwCLLcPTPTePsoGGGEIjDsKJIVyl\/assets\/static\/source\/rev-e0bd89e\/wp-content\/uploads\/2020\/10\/kingmaker-390x220.png\" height=\"220\" id=\"NTU3OjU0OQ==-1\" nitro-lazy-empty=\"nitro-lazy-empty\" nitro-lazy-src=\"https:\/\/cdn-cklap.nitrocdn.com\/aBLxBwCLLcPTPTePsoGGGEIjDsKJIVyl\/assets\/static\/source\/rev-e0bd89e\/wp-content\/uploads\/2020\/10\/kingmaker-390x220.png\" src=\"data:image\/svg+xml;nitro-empty-id=NTU3OjU0OQ==-1;base64,PHN2ZyB2aWV3Qm94PSIwIDAgMzkwIDIyMCIgd2lkdGg9IjM5MCIgaGVpZ2h0PSIyMjAiIHhtbG5zPSJodHRwOi8vd3d3LnczLm9yZy8yMDAwL3N2ZyI+PC9zdmc+\" title=\"K\u00f6nigsmacher 10\" width=\"390\"><\/a> <div class=\"post-details\"> <div class=\"post-meta clearfix\"><span class=\"date meta-item tie-icon\">16\/10\/2020<\/span><div class=\"tie-alignright\"><span class=\"meta-views meta-item very-hot\"><span aria-hidden=\"true\" class=\"tie-icon-fire\"><\/span> 1.003 <\/span><\/div><\/div> <h2 class=\"post-title\"><a href=\"https:\/\/topcasino-pl.com\/de\/konigsmacher\/\">K\u00f6nigsmacher<\/a><\/h2> <p class=\"post-excerpt\"><\/p> <a class=\"more-link button\" data-no-translation=\"\" data-trp-gettext=\"\" href=\"https:\/\/topcasino-pl.com\/de\/konigsmacher\/\">Weiterlesen \u00bb<\/a> <\/div> <\/li> <li class=\"post-item  post-90 post type-post status-publish format-standard has-post-thumbnail category-darmowe-gry tie-standard\"> <a aria-label=\"Ozzy Osbourne\" class=\"post-thumb\" href=\"https:\/\/topcasino-pl.com\/de\/ozzy-osbourne\/\"><img decoding=\"async\" loading=\"lazy\" alt=\"Netent Spiel\" class=\"attachment-jannah-image-large size-jannah-image-large lazy-img wp-post-image nitro-lazy\" data-src=\"https:\/\/cdn-cklap.nitrocdn.com\/aBLxBwCLLcPTPTePsoGGGEIjDsKJIVyl\/assets\/static\/optimized\/rev-e0bd89e\/wp-content\/uploads\/2020\/10\/ozzy-osbourne-390x220.jpg\" height=\"220\" id=\"NTcwOjU1Mw==-1\" nitro-lazy-empty=\"nitro-lazy-empty\" nitro-lazy-src=\"https:\/\/cdn-cklap.nitrocdn.com\/aBLxBwCLLcPTPTePsoGGGEIjDsKJIVyl\/assets\/static\/optimized\/rev-e0bd89e\/wp-content\/uploads\/2020\/10\/ozzy-osbourne-390x220.jpg\" src=\"data:image\/svg+xml;nitro-empty-id=NTcwOjU1Mw==-1;base64,PHN2ZyB2aWV3Qm94PSIwIDAgMzkwIDIyMCIgd2lkdGg9IjM5MCIgaGVpZ2h0PSIyMjAiIHhtbG5zPSJodHRwOi8vd3d3LnczLm9yZy8yMDAwL3N2ZyI+PC9zdmc+\" title=\"Ozzy Osbourne11\" width=\"390\"><\/a> <div class=\"post-details\"> <div class=\"post-meta clearfix\"><span class=\"date meta-item tie-icon\">16\/10\/2020<\/span><div class=\"tie-alignright\"><span class=\"meta-views meta-item very-hot\"><span aria-hidden=\"true\" class=\"tie-icon-fire\"><\/span> 1.043 <\/span><\/div><\/div> <h2 class=\"post-title\"><a href=\"https:\/\/topcasino-pl.com\/de\/ozzy-osbourne\/\">Ozzy Osbourne<\/a><\/h2> <p class=\"post-excerpt\"><\/p> <a class=\"more-link button\" data-no-translation=\"\" data-trp-gettext=\"\" href=\"https:\/\/topcasino-pl.com\/de\/ozzy-osbourne\/\">Weiterlesen \u00bb<\/a> <\/div> <\/li> <li class=\"post-item  post-87 post type-post status-publish format-standard has-post-thumbnail category-darmowe-gry tie-standard\"> <a aria-label=\"Conan\" class=\"post-thumb\" href=\"https:\/\/topcasino-pl.com\/de\/conan\/\"><img decoding=\"async\" loading=\"lazy\" alt=\"Netent Slot\" class=\"attachment-jannah-image-large size-jannah-image-large lazy-img wp-post-image nitro-lazy\" data-src=\"https:\/\/cdn-cklap.nitrocdn.com\/aBLxBwCLLcPTPTePsoGGGEIjDsKJIVyl\/assets\/static\/optimized\/rev-e0bd89e\/wp-content\/uploads\/2020\/10\/conan-min-390x220.jpg\" height=\"220\" id=\"NTgzOjUyNQ==-1\" nitro-lazy-empty=\"nitro-lazy-empty\" nitro-lazy-src=\"https:\/\/cdn-cklap.nitrocdn.com\/aBLxBwCLLcPTPTePsoGGGEIjDsKJIVyl\/assets\/static\/optimized\/rev-e0bd89e\/wp-content\/uploads\/2020\/10\/conan-min-390x220.jpg\" src=\"data:image\/svg+xml;nitro-empty-id=NTgzOjUyNQ==-1;base64,PHN2ZyB2aWV3Qm94PSIwIDAgMzkwIDIyMCIgd2lkdGg9IjM5MCIgaGVpZ2h0PSIyMjAiIHhtbG5zPSJodHRwOi8vd3d3LnczLm9yZy8yMDAwL3N2ZyI+PC9zdmc+\" title=\"Konan 12\" width=\"390\"><\/a> <div class=\"post-details\"> <div class=\"post-meta clearfix\"><span class=\"date meta-item tie-icon\">16\/10\/2020<\/span><div class=\"tie-alignright\"><span class=\"meta-views meta-item very-hot\"><span aria-hidden=\"true\" class=\"tie-icon-fire\"><\/span> 1.249 <\/span><\/div><\/div> <h2 class=\"post-title\"><a href=\"https:\/\/topcasino-pl.com\/de\/conan\/\">Conan<\/a><\/h2> <p class=\"post-excerpt\"><\/p> <a class=\"more-link button\" data-no-translation=\"\" data-trp-gettext=\"\" href=\"https:\/\/topcasino-pl.com\/de\/conan\/\">Weiterlesen \u00bb<\/a> <\/div> <\/li> <li class=\"post-item  post-81 post type-post status-publish format-standard has-post-thumbnail category-darmowe-gry tie-standard\"> <a aria-label=\"Aurora\" class=\"post-thumb\" href=\"https:\/\/topcasino-pl.com\/de\/aurora\/\"><img decoding=\"async\" loading=\"lazy\" alt=\"Arcade-Spiel\" class=\"attachment-jannah-image-large size-jannah-image-large lazy-img wp-post-image nitro-lazy\" data-src=\"https:\/\/cdn-cklap.nitrocdn.com\/aBLxBwCLLcPTPTePsoGGGEIjDsKJIVyl\/assets\/static\/optimized\/rev-e0bd89e\/wp-content\/uploads\/2020\/10\/Aurora-min-390x220.jpg\" height=\"220\" id=\"NTk2OjUzMw==-1\" nitro-lazy-empty=\"nitro-lazy-empty\" nitro-lazy-src=\"https:\/\/cdn-cklap.nitrocdn.com\/aBLxBwCLLcPTPTePsoGGGEIjDsKJIVyl\/assets\/static\/optimized\/rev-e0bd89e\/wp-content\/uploads\/2020\/10\/Aurora-min-390x220.jpg\" src=\"data:image\/svg+xml;nitro-empty-id=NTk2OjUzMw==-1;base64,PHN2ZyB2aWV3Qm94PSIwIDAgMzkwIDIyMCIgd2lkdGg9IjM5MCIgaGVpZ2h0PSIyMjAiIHhtbG5zPSJodHRwOi8vd3d3LnczLm9yZy8yMDAwL3N2ZyI+PC9zdmc+\" title=\"Nordlicht 13\" width=\"390\"><\/a> <div class=\"post-details\"> <div class=\"post-meta clearfix\"><span class=\"date meta-item tie-icon\">16\/10\/2020<\/span><div class=\"tie-alignright\"><span class=\"meta-views meta-item very-hot\"><span aria-hidden=\"true\" class=\"tie-icon-fire\"><\/span> 1.001 <\/span><\/div><\/div> <h2 class=\"post-title\"><a href=\"https:\/\/topcasino-pl.com\/de\/aurora\/\">Aurora<\/a><\/h2> <p class=\"post-excerpt\"><\/p> <a class=\"more-link button\" data-no-translation=\"\" data-trp-gettext=\"\" href=\"https:\/\/topcasino-pl.com\/de\/aurora\/\">Weiterlesen \u00bb<\/a> <\/div> <\/li> <li class=\"post-item  post-78 post type-post status-publish format-standard has-post-thumbnail category-darmowe-gry tie-standard\"> <a aria-label=\"Stadt windig\" class=\"post-thumb\" href=\"https:\/\/topcasino-pl.com\/de\/aufzuge-stadt\/\"><img decoding=\"async\" loading=\"lazy\" alt=\"Freier Steckplatz\" class=\"attachment-jannah-image-large size-jannah-image-large lazy-img wp-post-image nitro-lazy\" data-src=\"https:\/\/cdn-cklap.nitrocdn.com\/aBLxBwCLLcPTPTePsoGGGEIjDsKJIVyl\/assets\/static\/optimized\/rev-e0bd89e\/wp-content\/uploads\/2020\/10\/windycity-min-390x220.jpg\" height=\"220\" id=\"NjA5OjU1OA==-1\" nitro-lazy-empty=\"nitro-lazy-empty\" nitro-lazy-src=\"https:\/\/cdn-cklap.nitrocdn.com\/aBLxBwCLLcPTPTePsoGGGEIjDsKJIVyl\/assets\/static\/optimized\/rev-e0bd89e\/wp-content\/uploads\/2020\/10\/windycity-min-390x220.jpg\" src=\"data:image\/svg+xml;nitro-empty-id=NjA5OjU1OA==-1;base64,PHN2ZyB2aWV3Qm94PSIwIDAgMzkwIDIyMCIgd2lkdGg9IjM5MCIgaGVpZ2h0PSIyMjAiIHhtbG5zPSJodHRwOi8vd3d3LnczLm9yZy8yMDAwL3N2ZyI+PC9zdmc+\" title=\"Windige Stadt 14\" width=\"390\"><\/a> <div class=\"post-details\"> <div class=\"post-meta clearfix\"><span class=\"date meta-item tie-icon\">16\/10\/2020<\/span><div class=\"tie-alignright\"><span class=\"meta-views meta-item very-hot\"><span aria-hidden=\"true\" class=\"tie-icon-fire\"><\/span> 915 <\/span><\/div><\/div> <h2 class=\"post-title\"><a href=\"https:\/\/topcasino-pl.com\/de\/aufzuge-stadt\/\">Stadt windig<\/a><\/h2> <p class=\"post-excerpt\"><\/p> <a class=\"more-link button\" data-no-translation=\"\" data-trp-gettext=\"\" href=\"https:\/\/topcasino-pl.com\/de\/aufzuge-stadt\/\">Weiterlesen \u00bb<\/a> <\/div> <\/li> <li class=\"post-item  post-73 post type-post status-publish format-standard has-post-thumbnail category-darmowe-gry tie-standard\"> <a aria-label=\"Elektrische Allee\" class=\"post-thumb\" href=\"https:\/\/topcasino-pl.com\/de\/elektrische-allee\/\"><img decoding=\"async\" loading=\"lazy\" alt=\"Microgaming-Spiel\" class=\"attachment-jannah-image-large size-jannah-image-large lazy-img wp-post-image nitro-lazy\" data-src=\"https:\/\/cdn-cklap.nitrocdn.com\/aBLxBwCLLcPTPTePsoGGGEIjDsKJIVyl\/assets\/static\/optimized\/rev-e0bd89e\/wp-content\/uploads\/2020\/10\/electric-avenue-min-390x220.jpg\" height=\"220\" id=\"NjIyOjU3Mg==-1\" nitro-lazy-empty=\"nitro-lazy-empty\" nitro-lazy-src=\"https:\/\/cdn-cklap.nitrocdn.com\/aBLxBwCLLcPTPTePsoGGGEIjDsKJIVyl\/assets\/static\/optimized\/rev-e0bd89e\/wp-content\/uploads\/2020\/10\/electric-avenue-min-390x220.jpg\" src=\"data:image\/svg+xml;nitro-empty-id=NjIyOjU3Mg==-1;base64,PHN2ZyB2aWV3Qm94PSIwIDAgMzkwIDIyMCIgd2lkdGg9IjM5MCIgaGVpZ2h0PSIyMjAiIHhtbG5zPSJodHRwOi8vd3d3LnczLm9yZy8yMDAwL3N2ZyI+PC9zdmc+\" title=\"Elektroallee 15\" width=\"390\"><\/a> <div class=\"post-details\"> <div class=\"post-meta clearfix\"><span class=\"date meta-item tie-icon\">16\/10\/2020<\/span><div class=\"tie-alignright\"><span class=\"meta-views meta-item very-hot\"><span aria-hidden=\"true\" class=\"tie-icon-fire\"><\/span> 940 <\/span><\/div><\/div> <h2 class=\"post-title\"><a href=\"https:\/\/topcasino-pl.com\/de\/elektrische-allee\/\">Elektrische Allee<\/a><\/h2> <p class=\"post-excerpt\"><\/p> <a class=\"more-link button\" data-no-translation=\"\" data-trp-gettext=\"\" href=\"https:\/\/topcasino-pl.com\/de\/elektrische-allee\/\">Weiterlesen \u00bb<\/a> <\/div> <\/li> <li class=\"post-item  post-69 post type-post status-publish format-standard has-post-thumbnail category-darmowe-gry tie-standard\"> <a aria-label=\"William Tell\" class=\"post-thumb\" href=\"https:\/\/topcasino-pl.com\/de\/wilhelm-tell\/\"><img decoding=\"async\" loading=\"lazy\" alt=\"Yggdrasil-Spiel\" class=\"attachment-jannah-image-large size-jannah-image-large lazy-img wp-post-image nitro-lazy\" data-src=\"https:\/\/cdn-cklap.nitrocdn.com\/aBLxBwCLLcPTPTePsoGGGEIjDsKJIVyl\/assets\/static\/optimized\/rev-e0bd89e\/wp-content\/uploads\/2020\/10\/Wilhelm-Tell-390x220.png\" height=\"220\" id=\"NjM1OjU1Mw==-1\" nitro-lazy-empty=\"nitro-lazy-empty\" nitro-lazy-src=\"https:\/\/cdn-cklap.nitrocdn.com\/aBLxBwCLLcPTPTePsoGGGEIjDsKJIVyl\/assets\/static\/optimized\/rev-e0bd89e\/wp-content\/uploads\/2020\/10\/Wilhelm-Tell-390x220.png\" src=\"data:image\/svg+xml;nitro-empty-id=NjM1OjU1Mw==-1;base64,PHN2ZyB2aWV3Qm94PSIwIDAgMzkwIDIyMCIgd2lkdGg9IjM5MCIgaGVpZ2h0PSIyMjAiIHhtbG5zPSJodHRwOi8vd3d3LnczLm9yZy8yMDAwL3N2ZyI+PC9zdmc+\" title=\"Wilhelm Tell 16\" width=\"390\"><\/a> <div class=\"post-details\"> <div class=\"post-meta clearfix\"><span class=\"date meta-item tie-icon\">16\/10\/2020<\/span><div class=\"tie-alignright\"><span class=\"meta-views meta-item very-hot\"><span aria-hidden=\"true\" class=\"tie-icon-fire\"><\/span> 898 <\/span><\/div><\/div> <h2 class=\"post-title\"><a href=\"https:\/\/topcasino-pl.com\/de\/wilhelm-tell\/\">William Tell<\/a><\/h2> <p class=\"post-excerpt\"><\/p> <a class=\"more-link button\" data-no-translation=\"\" data-trp-gettext=\"\" href=\"https:\/\/topcasino-pl.com\/de\/wilhelm-tell\/\">Weiterlesen \u00bb<\/a> <\/div> <\/li> <li class=\"post-item  post-66 post type-post status-publish format-standard has-post-thumbnail category-darmowe-gry tie-standard\"> <a aria-label=\"Traumzone\" class=\"post-thumb\" href=\"https:\/\/topcasino-pl.com\/de\/traumzone\/\"><img decoding=\"async\" loading=\"lazy\" alt=\"Das Spiel ist kostenlos\" class=\"attachment-jannah-image-large size-jannah-image-large lazy-img wp-post-image nitro-lazy\" data-src=\"https:\/\/cdn-cklap.nitrocdn.com\/aBLxBwCLLcPTPTePsoGGGEIjDsKJIVyl\/assets\/static\/optimized\/rev-e0bd89e\/wp-content\/uploads\/2020\/10\/slots-dreamzone-min-390x220.jpg\" height=\"220\" id=\"NjQ4OjU1OQ==-1\" nitro-lazy-empty=\"nitro-lazy-empty\" nitro-lazy-src=\"https:\/\/cdn-cklap.nitrocdn.com\/aBLxBwCLLcPTPTePsoGGGEIjDsKJIVyl\/assets\/static\/optimized\/rev-e0bd89e\/wp-content\/uploads\/2020\/10\/slots-dreamzone-min-390x220.jpg\" src=\"data:image\/svg+xml;nitro-empty-id=NjQ4OjU1OQ==-1;base64,PHN2ZyB2aWV3Qm94PSIwIDAgMzkwIDIyMCIgd2lkdGg9IjM5MCIgaGVpZ2h0PSIyMjAiIHhtbG5zPSJodHRwOi8vd3d3LnczLm9yZy8yMDAwL3N2ZyI+PC9zdmc+\" title=\"Traumzone 17\" width=\"390\"><\/a> <div class=\"post-details\"> <div class=\"post-meta clearfix\"><span class=\"date meta-item tie-icon\">16\/10\/2020<\/span><div class=\"tie-alignright\"><span class=\"meta-views meta-item very-hot\"><span aria-hidden=\"true\" class=\"tie-icon-fire\"><\/span> 880 <\/span><\/div><\/div> <h2 class=\"post-title\"><a href=\"https:\/\/topcasino-pl.com\/de\/traumzone\/\">Traumzone<\/a><\/h2> <p class=\"post-excerpt\"><\/p> <a class=\"more-link button\" data-no-translation=\"\" data-trp-gettext=\"\" href=\"https:\/\/topcasino-pl.com\/de\/traumzone\/\">Weiterlesen \u00bb<\/a> <\/div> <\/li> <li class=\"post-item  post-63 post type-post status-publish format-standard has-post-thumbnail category-darmowe-gry tie-standard\"> <a aria-label=\"Der Bienenstock\" class=\"post-thumb\" href=\"https:\/\/topcasino-pl.com\/de\/der-bienenstock\/\"><img decoding=\"async\" loading=\"lazy\" alt=\"Online Spiel\" class=\"attachment-jannah-image-large size-jannah-image-large lazy-img wp-post-image nitro-lazy\" data-src=\"https:\/\/cdn-cklap.nitrocdn.com\/aBLxBwCLLcPTPTePsoGGGEIjDsKJIVyl\/assets\/static\/optimized\/rev-e0bd89e\/wp-content\/uploads\/2020\/10\/the-hive-min-390x220.jpg\" height=\"220\" id=\"NjYxOjU1OQ==-1\" nitro-lazy-empty=\"nitro-lazy-empty\" nitro-lazy-src=\"https:\/\/cdn-cklap.nitrocdn.com\/aBLxBwCLLcPTPTePsoGGGEIjDsKJIVyl\/assets\/static\/optimized\/rev-e0bd89e\/wp-content\/uploads\/2020\/10\/the-hive-min-390x220.jpg\" src=\"data:image\/svg+xml;nitro-empty-id=NjYxOjU1OQ==-1;base64,PHN2ZyB2aWV3Qm94PSIwIDAgMzkwIDIyMCIgd2lkdGg9IjM5MCIgaGVpZ2h0PSIyMjAiIHhtbG5zPSJodHRwOi8vd3d3LnczLm9yZy8yMDAwL3N2ZyI+PC9zdmc+\" title=\"Der Bienenstock 18\" width=\"390\"><\/a> <div class=\"post-details\"> <div class=\"post-meta clearfix\"><span class=\"date meta-item tie-icon\">15\/10\/2020<\/span><div class=\"tie-alignright\"><span class=\"meta-views meta-item very-hot\"><span aria-hidden=\"true\" class=\"tie-icon-fire\"><\/span> 899 <\/span><\/div><\/div> <h2 class=\"post-title\"><a href=\"https:\/\/topcasino-pl.com\/de\/der-bienenstock\/\">Der Bienenstock<\/a><\/h2> <p class=\"post-excerpt\"><\/p> <a class=\"more-link button\" data-no-translation=\"\" data-trp-gettext=\"\" href=\"https:\/\/topcasino-pl.com\/de\/der-bienenstock\/\">Weiterlesen \u00bb<\/a> <\/div> <\/li> <\/ul> <div class=\"clearfix\"><\/div> <\/div> <\/div> <\/div> <div class=\"pages-nav\"><ul class=\"pages-numbers\"> <li class=\"current\"><span class=\"pages-nav-item\">1<\/span><\/li><li><a class=\"pages-nav-item\" href=\"https:\/\/topcasino-pl.com\/de\/kategorie\/gratis-spiele\/page\/2\/\" title=\"2\">2<\/a><\/li><li class=\"the-next-page\"><a href=\"https:\/\/topcasino-pl.com\/de\/kategorie\/gratis-spiele\/page\/2\/\">\u00bb<\/a><\/li><\/ul><\/div>\n","protected":false},"excerpt":{"rendered":"<p>Die kostenlosen Variationen der Wazamba-Spielautomaten erm\u00f6glichen es Anf\u00e4ngern, die Steuerelemente schnell zu entdecken und die Regeln des Videospiels zu verstehen, ohne pers\u00f6nliches Geld zu verlieren. Sie riskieren absolut nichts, lernen das Spielsystem, testen die App und entscheiden sich zu bleiben und echtes Geld zu setzen oder wegzugehen. F\u00fcr Anf\u00e4nger sind sie n\u00fctzlich, weil Sie die &hellip;<\/p>\n","protected":false},"author":1,"featured_media":0,"parent":0,"menu_order":0,"comment_status":"closed","ping_status":"closed","template":"","meta":[],"amp_enabled":true,"_links":{"self":[{"href":"https:\/\/topcasino-pl.com\/de\/wp-json\/wp\/v2\/pages\/1358"}],"collection":[{"href":"https:\/\/topcasino-pl.com\/de\/wp-json\/wp\/v2\/pages"}],"about":[{"href":"https:\/\/topcasino-pl.com\/de\/wp-json\/wp\/v2\/types\/page"}],"author":[{"embeddable":true,"href":"https:\/\/topcasino-pl.com\/de\/wp-json\/wp\/v2\/users\/1"}],"replies":[{"embeddable":true,"href":"https:\/\/topcasino-pl.com\/de\/wp-json\/wp\/v2\/comments?post=1358"}],"version-history":[{"count":8,"href":"https:\/\/topcasino-pl.com\/de\/wp-json\/wp\/v2\/pages\/1358\/revisions"}],"predecessor-version":[{"id":2416,"href":"https:\/\/topcasino-pl.com\/de\/wp-json\/wp\/v2\/pages\/1358\/revisions\/2416"}],"wp:attachment":[{"href":"https:\/\/topcasino-pl.com\/de\/wp-json\/wp\/v2\/media?parent=1358"}],"curies":[{"name":"wp","href":"https:\/\/api.w.org\/{rel}","templated":true}]}}