{"id":1360,"date":"2021-01-25T18:19:39","date_gmt":"2021-01-25T17:19:39","guid":{"rendered":"https:\/\/topcasino-pl.com\/datenschutz-bestimmungen\/"},"modified":"2022-12-16T13:33:38","modified_gmt":"2022-12-16T12:33:38","slug":"datenschutz-bestimmungen","status":"publish","type":"page","link":"https:\/\/topcasino-pl.com\/de\/datenschutz-bestimmungen\/","title":{"rendered":"Datenschutz-Bestimmungen"},"content":{"rendered":"<div id=\"ez-toc-container\" class=\"ez-toc-v2_0_36_1 counter-hierarchy ez-toc-counter ez-toc-grey ez-toc-container-direction\">\n<div class=\"ez-toc-title-container\">\n<span class=\"ez-toc-title-toggle\"><a class=\"ez-toc-pull-right ez-toc-btn ez-toc-btn-xs ez-toc-btn-default ez-toc-toggle\" style=\"display: none;\"><span style=\"display: flex;align-items: center;width: 35px;height: 30px;justify-content: center;\"><svg style=\"fill: #999;color:#999\" xmlns=\"http:\/\/www.w3.org\/2000\/svg\" class=\"list-377408\" width=\"20px\" height=\"20px\" viewBox=\"0 0 24 24\" fill=\"none\"><path d=\"M6 6H4v2h2V6zm14 0H8v2h12V6zM4 11h2v2H4v-2zm16 0H8v2h12v-2zM4 16h2v2H4v-2zm16 0H8v2h12v-2z\" fill=\"currentColor\"><\/path><\/svg><svg style=\"fill: #999;color:#999\" class=\"arrow-unsorted-368013\" xmlns=\"http:\/\/www.w3.org\/2000\/svg\" width=\"10px\" height=\"10px\" viewBox=\"0 0 24 24\" version=\"1.2\" baseProfile=\"tiny\"><path d=\"M18.2 9.3l-6.2-6.3-6.2 6.3c-.2.2-.3.4-.3.7s.1.5.3.7c.2.2.4.3.7.3h11c.3 0 .5-.1.7-.3.2-.2.3-.5.3-.7s-.1-.5-.3-.7zM5.8 14.7l6.2 6.3 6.2-6.3c.2-.2.3-.5.3-.7s-.1-.5-.3-.7c-.2-.2-.4-.3-.7-.3h-11c-.3 0-.5.1-.7.3-.2.2-.3.5-.3.7s.1.5.3.7z\"\/><\/svg><\/span><\/a><\/span><\/div>\n<nav><ul class='ez-toc-list ez-toc-list-level-1' style='display:block'><li class='ez-toc-page-1 ez-toc-heading-level-2'><a class=\"ez-toc-link ez-toc-heading-1\" href=\"https:\/\/topcasino-pl.com\/de\/datenschutz-bestimmungen\/#Die_Datenschutzrichtlinie_beschreibt_die_Regeln_fuer_die_Verarbeitung_von_Informationen_ueber_Sie_durch_uns\" title=\"Die Datenschutzrichtlinie beschreibt die Regeln f\u00fcr die Verarbeitung von Informationen \u00fcber Sie durch uns\">Die Datenschutzrichtlinie beschreibt die Regeln f\u00fcr die Verarbeitung von Informationen \u00fcber Sie durch uns<\/a><\/li><li class='ez-toc-page-1 ez-toc-heading-level-2'><a class=\"ez-toc-link ez-toc-heading-2\" href=\"https:\/\/topcasino-pl.com\/de\/datenschutz-bestimmungen\/#1_Allgemeine_Information\" title=\"1. Allgemeine Information\">1. Allgemeine Information<\/a><\/li><li class='ez-toc-page-1 ez-toc-heading-level-2'><a class=\"ez-toc-link ez-toc-heading-3\" href=\"https:\/\/topcasino-pl.com\/de\/datenschutz-bestimmungen\/#2_Ausgewaehlte_Datenschutzmethoden_des_Betreibers\" title=\"2. Ausgew\u00e4hlte Datenschutzmethoden des Betreibers\">2. Ausgew\u00e4hlte Datenschutzmethoden des Betreibers<\/a><\/li><li class='ez-toc-page-1 ez-toc-heading-level-2'><a class=\"ez-toc-link ez-toc-heading-4\" href=\"https:\/\/topcasino-pl.com\/de\/datenschutz-bestimmungen\/#3_Hosting\" title=\"3. Hosting\">3. Hosting<\/a><\/li><li class='ez-toc-page-1 ez-toc-heading-level-2'><a class=\"ez-toc-link ez-toc-heading-5\" href=\"https:\/\/topcasino-pl.com\/de\/datenschutz-bestimmungen\/#4_Ihre_Rechte_und_weitere_Informationen_zur_Verwendung_der_Daten\" title=\"4. Ihre Rechte und weitere Informationen zur Verwendung der Daten\">4. Ihre Rechte und weitere Informationen zur Verwendung der Daten<\/a><\/li><li class='ez-toc-page-1 ez-toc-heading-level-2'><a class=\"ez-toc-link ez-toc-heading-6\" href=\"https:\/\/topcasino-pl.com\/de\/datenschutz-bestimmungen\/#5_Angaben_in_den_Formularen\" title=\"5. Angaben in den Formularen\">5. Angaben in den Formularen<\/a><\/li><li class='ez-toc-page-1 ez-toc-heading-level-2'><a class=\"ez-toc-link ez-toc-heading-7\" href=\"https:\/\/topcasino-pl.com\/de\/datenschutz-bestimmungen\/#6_Administratorprotokolle\" title=\"6. Administratorprotokolle\">6. Administratorprotokolle<\/a><\/li><li class='ez-toc-page-1 ez-toc-heading-level-2'><a class=\"ez-toc-link ez-toc-heading-8\" href=\"https:\/\/topcasino-pl.com\/de\/datenschutz-bestimmungen\/#7_Relevante_Marketingtechniken\" title=\"7. Relevante Marketingtechniken\">7. Relevante Marketingtechniken<\/a><\/li><li class='ez-toc-page-1 ez-toc-heading-level-2'><a class=\"ez-toc-link ez-toc-heading-9\" href=\"https:\/\/topcasino-pl.com\/de\/datenschutz-bestimmungen\/#8_Informationen_ueber_Cookies\" title=\"8. Informationen \u00fcber Cookies\">8. Informationen \u00fcber Cookies<\/a><\/li><li class='ez-toc-page-1 ez-toc-heading-level-2'><a class=\"ez-toc-link ez-toc-heading-10\" href=\"https:\/\/topcasino-pl.com\/de\/datenschutz-bestimmungen\/#9_Verwaltung_von_Cookies_-_wie_kann_man_in_der_Praxis_eine_Einwilligung_ausdruecken_und_widerrufen\" title=\"9. Verwaltung von Cookies \u2013 wie kann man in der Praxis eine Einwilligung ausdr\u00fccken und widerrufen?\">9. Verwaltung von Cookies \u2013 wie kann man in der Praxis eine Einwilligung ausdr\u00fccken und widerrufen?<\/a><\/li><\/ul><\/nav><\/div>\n<p><\/p>\n<h2 id=\"tw-target-text\" class=\"tw-data-text tw-text-large tw-ta\" dir=\"ltr\" style=\"text-align: center;\" data-placeholder=\"\u041f\u0435\u0440\u0435\u0432\u043e\u0434\"><span class=\"ez-toc-section\" id=\"Die_Datenschutzrichtlinie_beschreibt_die_Regeln_fuer_die_Verarbeitung_von_Informationen_ueber_Sie_durch_uns\"><\/span><span class=\"Y2IQFc\" lang=\"de\">Die Datenschutzrichtlinie beschreibt die Regeln f\u00fcr die Verarbeitung von Informationen \u00fcber Sie durch uns<\/span><span class=\"ez-toc-section-end\"><\/span><\/h2>\n\n\n<hr class=\"wp-block-separator has-css-opacity\"\/>\n\n\n\n<h2><span class=\"ez-toc-section\" id=\"1_Allgemeine_Information\"><\/span>1. Allgemeine Information<span class=\"ez-toc-section-end\"><\/span><\/h2>\n\n\n\n<ol><li>Diese Richtlinie gilt f\u00fcr die Website topcasino-pl.com, die unter der URL-Adresse betrieben wird: <a data-schema-attribute=\"\" href=\"https:\/\/topcasino-pl.com\/de\/\">https:\/\/topcasino-pl.com\/<\/a><\/li><li>Der Betreiber der Website und der Administrator der personenbezogenen Daten ist: Witold Koz\u0142owski.<\/li><li>E-Mail-Kontaktadresse des Betreibers: ad.apply.seo@gmail.com.<\/li><li>Der Betreiber ist der Administrator Ihrer pers\u00f6nlichen Daten in Bezug auf die freiwillig auf der Website bereitgestellten Daten.<\/li><li>Die Website verwendet personenbezogene Daten f\u00fcr folgende Zwecke:<ol><li>Betreiben eines Kommentarsystems.<\/li><li>Pr\u00e4sentation des Angebots oder Informationen.<\/li><\/ol><\/li><li>Die Website erh\u00e4lt Informationen \u00fcber Benutzer und ihr Verhalten auf folgende Weise:<ol><li>Durch freiwillig in Formulare eingegebene Daten, die in die Systeme des Betreibers eingegeben werden.<\/li><li>Durch Speicherung von Cookie-Dateien auf Endger\u00e4ten (sog. \u201eCookies\u201c).<\/li><\/ol><\/li><\/ol>\n\n\n\n<h2><span class=\"ez-toc-section\" id=\"2_Ausgewaehlte_Datenschutzmethoden_des_Betreibers\"><\/span>2. Ausgew\u00e4hlte Datenschutzmethoden des Betreibers<span class=\"ez-toc-section-end\"><\/span><\/h2>\n\n\n\n<ol><li>Die Orte der Anmeldung und Eingabe pers\u00f6nlicher Daten sind in der \u00dcbertragungsschicht (SSL-Zertifikat) gesch\u00fctzt. Dadurch werden auf der Website eingegebene pers\u00f6nliche Daten und Login-Daten auf dem Rechner des Nutzers verschl\u00fcsselt und k\u00f6nnen nur auf dem Zielserver gelesen werden.<\/li><li>Zum Schutz der Daten erstellt der Betreiber regelm\u00e4\u00dfig Sicherungskopien.<\/li><li>Ein wichtiges Element des Datenschutzes ist die regelm\u00e4\u00dfige Aktualisierung s\u00e4mtlicher Software, mit der der Betreiber personenbezogene Daten verarbeitet, was insbesondere regelm\u00e4\u00dfige Aktualisierungen von Programmkomponenten bedeutet.<\/li><\/ol>\n\n\n\n<h2><span class=\"ez-toc-section\" id=\"3_Hosting\"><\/span>3. Hosting<span class=\"ez-toc-section-end\"><\/span><\/h2>\n\n\n\n<ul><li>Die Website wird auf dem Server des Betreibers gehostet (technisch gewartet): ein anderes Unternehmen.<\/li><\/ul>\n\n\n\n<h2><span class=\"ez-toc-section\" id=\"4_Ihre_Rechte_und_weitere_Informationen_zur_Verwendung_der_Daten\"><\/span>4. Ihre Rechte und weitere Informationen zur Verwendung der Daten<span class=\"ez-toc-section-end\"><\/span><\/h2>\n\n\n\n<ol><li>In einigen Situationen hat der Administrator das Recht, Ihre personenbezogenen Daten an andere Empf\u00e4nger zu \u00fcbermitteln, wenn dies zur Erf\u00fcllung des mit Ihnen geschlossenen Vertrags oder zur Erf\u00fcllung der dem Administrator obliegenden Verpflichtungen erforderlich ist. Dies gilt f\u00fcr solche Empf\u00e4ngerkreise:<ol>\n<li>Betreiber von Kommentarsystemen.<\/li>\n<\/ol><\/li><li>Ihre personenbezogenen Daten, die vom Administrator nicht l\u00e4nger verarbeitet werden, als es f\u00fcr die Durchf\u00fchrung der damit verbundenen Aktivit\u00e4ten erforderlich ist, die in separaten Vorschriften (z. B. zur Buchhaltung) festgelegt sind. In Bezug auf Marketingdaten werden die Daten nicht l\u00e4nger als 3 Jahre verarbeitet.<\/li><li>Sie haben das Recht, vom Administrator Folgendes anzufordern:<ol>\n<li>Zugriff auf Ihre personenbezogenen Daten,<\/li>\n<li>sie zu korrigieren,<\/li>\n<li>Streichung,<\/li>\n<li>Verarbeitungsbeschr\u00e4nkungen,<\/li>\n<li>und Daten\u00fcbertragbarkeit.<\/li>\n<\/ol><\/li><li>Sie haben das Recht, der unter Punkt 3.3 c) angegebenen Verarbeitung personenbezogener Daten zu widersprechen, um die vom Administrator verfolgten berechtigten Interessen zu erf\u00fcllen, einschlie\u00dflich der Profilerstellung, wobei das Widerspruchsrecht nicht ausge\u00fcbt werden kann, wenn es gesetzlich g\u00fcltig ist berechtigte Gr\u00fcnde f\u00fcr die Verarbeitung Ihrer Interessen, Rechte und Freiheiten, insbesondere zur Geltendmachung, Untersuchung oder Verteidigung von Anspr\u00fcchen.<\/li><li>Gegen die Ma\u00dfnahmen des Administrators kann beim Pr\u00e4sidenten des Amtes f\u00fcr den Schutz personenbezogener Daten, Ul. Stawki 2, 00-193 Warschau.<\/li><li>Die Bereitstellung personenbezogener Daten ist freiwillig, aber f\u00fcr den Betrieb der Website erforderlich.<\/li><li>In Bezug auf Sie k\u00f6nnen Ma\u00dfnahmen ergriffen werden, die in einer automatisierten Entscheidungsfindung bestehen, einschlie\u00dflich Profilerstellung zur Erbringung von Dienstleistungen im Rahmen des abgeschlossenen Vertrags und zum Zwecke der Durchf\u00fchrung von Direktmarketing durch den Administrator.<\/li><li>Personenbezogene Daten werden nicht aus Drittl\u00e4ndern im Sinne der Bestimmungen zum Schutz personenbezogener Daten \u00fcbermittelt. Das bedeutet, dass wir sie nicht au\u00dferhalb der Europ\u00e4ischen Union versenden.<\/li><\/ol>\n\n\n\n<h2><span class=\"ez-toc-section\" id=\"5_Angaben_in_den_Formularen\"><\/span>5. Angaben in den Formularen<span class=\"ez-toc-section-end\"><\/span><\/h2>\n\n\n\n<ol><li>Die Website sammelt Informationen, die der Benutzer freiwillig bereitstellt, einschlie\u00dflich personenbezogener Daten, falls angegeben.<\/li><li>Die Website kann Informationen \u00fcber Verbindungsparameter (Zeitstempel, IP-Adresse) speichern.<\/li><li>Die Website kann in einigen F\u00e4llen Informationen speichern, die die Verkn\u00fcpfung von Daten im Formular mit der E-Mail-Adresse des Benutzers erleichtern, der das Formular ausf\u00fcllt. In diesem Fall erscheint die E-Mail-Adresse des Benutzers innerhalb der URL der Seite, die das Formular enth\u00e4lt.<\/li><li>Die im Formular angegebenen Daten werden f\u00fcr den Zweck verarbeitet, der sich aus der Funktion eines bestimmten Formulars ergibt, z.B. um die Serviceanfrage oder den kommerziellen Kontakt, die Registrierung von Dienstleistungen usw. zu bearbeiten. Der Kontext und die Beschreibung des Formulars informieren jedes Mal klar dar\u00fcber, wof\u00fcr es verwendet wird.<\/li><\/ol>\n\n\n\n<h2><span class=\"ez-toc-section\" id=\"6_Administratorprotokolle\"><\/span>6. Administratorprotokolle<span class=\"ez-toc-section-end\"><\/span><\/h2>\n\n\n\n<ul><li>Informationen \u00fcber das Verhalten von Benutzern auf der Website k\u00f6nnen protokolliert werden. Diese Daten werden zur Verwaltung der Website verwendet.<\/li><\/ul>\n\n\n\n<h2><span class=\"ez-toc-section\" id=\"7_Relevante_Marketingtechniken\"><\/span>7. Relevante Marketingtechniken<span class=\"ez-toc-section-end\"><\/span><\/h2>\n\n\n\n<ol><li>Der Betreiber verwendet eine statistische Analyse des Website-Verkehrs durch Google Analytics (Google Inc. mit Sitz in den USA). Der Betreiber stellt dem Betreiber dieses Dienstes keine personenbezogenen Daten, sondern nur anonymisierte Informationen zur Verf\u00fcgung. Der Dienst basiert auf der Verwendung von Cookies auf dem Endger\u00e4t des Benutzers. In Bezug auf die vom Google-Werbenetzwerk gesammelten Informationen \u00fcber Benutzerpr\u00e4ferenzen kann der Benutzer die von Cookies abgeleiteten Informationen mit dem Tool anzeigen und bearbeiten: https:\/\/www.google.com\/ads\/preferences\/.<\/li><li>Der Betreiber verwendet Remarketing-Techniken, die es erm\u00f6glichen, Werbebotschaften an das Verhalten des Benutzers auf der Website anzupassen, was den Eindruck erwecken kann, dass die personenbezogenen Daten des Benutzers verwendet werden, um ihn zu verfolgen, aber in der Praxis werden keine personenbezogenen Daten vom Betreiber an Werbebetreiber \u00fcbertragen. Die technologische Voraussetzung f\u00fcr solche Aktivit\u00e4ten ist, dass Cookies aktiviert sind.<\/li><li>Der Betreiber verwendet das Facebook-Pixel. Durch diese Technologie wei\u00df Facebook (Facebook Inc. mit Sitz in den USA), dass eine bestimmte dort registrierte Person die Website nutzt. In diesem Fall basiert es auf Daten, f\u00fcr die er selbst der Administrator ist, der Betreiber stellt Facebook keine zus\u00e4tzlichen personenbezogenen Daten zur Verf\u00fcgung. Der Dienst basiert auf der Verwendung von Cookies auf dem Endger\u00e4t des Benutzers.<\/li><li>Der Betreiber verwendet eine L\u00f6sung, die das Nutzerverhalten untersucht, indem Heatmaps erstellt und das Verhalten auf der Website aufgezeichnet werden. Diese Informationen werden anonymisiert, bevor sie an den Dienstbetreiber gesendet werden, sodass dieser nicht wei\u00df, auf welche nat\u00fcrliche Person sie sich beziehen. Insbesondere werden Passw\u00f6rter und andere pers\u00f6nliche Daten nicht erfasst.<\/li><li>Der Betreiber verwendet eine L\u00f6sung, die den Betrieb der Website in Bezug auf Benutzer automatisiert, z.B. die dem Benutzer nach dem Besuch einer bestimmten Unterseite eine E-Mail senden kann, sofern er dem Erhalt von Handelskorrespondenz vom Betreiber zugestimmt hat.<\/li><li>Der Betreiber kann Profiling im Sinne der Bestimmungen zum Schutz personenbezogener Daten verwenden.<\/li><\/ol>\n\n\n\n<h2><span class=\"ez-toc-section\" id=\"8_Informationen_ueber_Cookies\"><\/span>8. Informationen \u00fcber Cookies<span class=\"ez-toc-section-end\"><\/span><\/h2>\n\n\n\n<ol><li>Die Website verwendet Cookies.<\/li><li>Cookie-Dateien (sog. \u201eCookies\u201c) sind IT-Daten, insbesondere Textdateien, die auf dem Endger\u00e4t des Website-Benutzers gespeichert werden und f\u00fcr die Nutzung der Seiten der Website bestimmt sind. Cookies enthalten in der Regel den Namen der Website, von der sie stammen, die Speicherzeit auf dem Endger\u00e4t und eine eindeutige Nummer.<\/li><li>Die Stelle, die Cookies auf dem Endger\u00e4t des Website-Benutzers platziert und Zugriff darauf erh\u00e4lt, ist der Website-Betreiber.<\/li><li>Cookies werden f\u00fcr folgende Zwecke verwendet:<ol>\n<li>Aufrechterhaltung der Sitzung des Benutzers der Website (nach dem Einloggen), dank der der Benutzer den Benutzernamen und das Passwort nicht auf jeder Unterseite der Website erneut eingeben muss;<\/li>\n<li>Erreichen der oben im Abschnitt \u201eWichtige Marketingtechniken\u201c genannten Ziele;<\/li>\n<\/ol><\/li><li>Die Website verwendet zwei grundlegende Arten von Cookies: Sitzungscookies und dauerhafte Cookies. Sitzungscookies sind tempor\u00e4re Dateien, die auf dem Endger\u00e4t des Benutzers gespeichert werden, bis er sich abmeldet, die Website verl\u00e4sst oder die Software (Webbrowser) abschaltet. Persistente Cookies werden auf dem Endger\u00e4t des Benutzers f\u00fcr die in den Parametern der Cookie-Datei angegebene Zeit oder bis zu ihrer L\u00f6schung durch den Benutzer gespeichert.<\/li><li>Software zum Durchsuchen von Websites (Webbrowser) erm\u00f6glicht normalerweise standardm\u00e4\u00dfig das Speichern von Cookies auf dem Endger\u00e4t des Benutzers. Website-Benutzer k\u00f6nnen die diesbez\u00fcglichen Einstellungen \u00e4ndern. Der Webbrowser erm\u00f6glicht es Ihnen, Cookies zu l\u00f6schen. Auch das automatische Blockieren von Cookies ist m\u00f6glich. Detaillierte Informationen hierzu finden Sie in der Hilfe bzw. Dokumentation des Webbrowsers.<\/li><li>Einschr\u00e4nkungen bei der Verwendung von Cookies k\u00f6nnen einige der auf den Seiten der Website verf\u00fcgbaren Funktionen beeintr\u00e4chtigen.<\/li><li>Cookies, die auf dem Endger\u00e4t des Website-Benutzers platziert werden, k\u00f6nnen auch von Unternehmen verwendet werden, die mit dem Website-Betreiber zusammenarbeiten, insbesondere von folgenden Unternehmen: Google (Google Inc. mit Sitz in den USA), Facebook (Facebook Inc. mit Sitz in den USA), Twitter ( Twitter Inc. mit Sitz in den USA).<\/li><\/ol>\n\n\n\n<h2><span class=\"ez-toc-section\" id=\"9_Verwaltung_von_Cookies_-_wie_kann_man_in_der_Praxis_eine_Einwilligung_ausdruecken_und_widerrufen\"><\/span>9. Verwaltung von Cookies \u2013 wie kann man in der Praxis eine Einwilligung ausdr\u00fccken und widerrufen?<span class=\"ez-toc-section-end\"><\/span><\/h2>\n\n\n\n<ol><li>Wenn der Benutzer keine Cookies erhalten m\u00f6chte, kann er die Browsereinstellungen \u00e4ndern. Wir behalten uns vor, dass das Deaktivieren von Cookies, die f\u00fcr Authentifizierungsprozesse, Sicherheit und die Aufrechterhaltung von Benutzereinstellungen erforderlich sind, die Nutzung von topcasino-pl.com erschweren und in extremen F\u00e4llen verhindern kann.<\/li><li>Um die Cookie-Einstellungen zu verwalten, w\u00e4hlen Sie den von Ihnen verwendeten Webbrowser aus der folgenden Liste aus und folgen Sie den Anweisungen:<\/li><\/ol>\n\n\n\n<ul><li><a href=\"https:\/\/support.microsoft.com\/pl-pl\/help\/10607\/microsoft-edge-view-delete-browser-history\" rel=\"nofollow noopener\" data-schema-attribute=\"\" target=\"_blank\">Kante<\/a><\/li><li><a href=\"https:\/\/support.microsoft.com\/pl-pl\/help\/278835\/how-to-delete-cookie-files-in-internet-explorer\" rel=\"nofollow noopener\" data-schema-attribute=\"\" target=\"_blank\">Internet Explorer<\/a><\/li><li><a href=\"http:\/\/support.google.com\/chrome\/bin\/answer.py?hl=pl&amp;answer=95647\" rel=\"nofollow noopener\" data-schema-attribute=\"\" target=\"_blank\">Chrom<\/a><\/li><li><a href=\"http:\/\/support.apple.com\/kb\/PH5042\" rel=\"nofollow noopener\" data-schema-attribute=\"\" target=\"_blank\">Safari<\/a><\/li><li><a href=\"http:\/\/support.mozilla.org\/pl\/kb\/W%C5%82%C4%85czanie%20i%20wy%C5%82%C4%85czanie%20obs%C5%82ugi%20ciasteczek\" rel=\"nofollow noopener\" data-schema-attribute=\"\" target=\"_blank\">Feuerfuchs<\/a><\/li><li><a href=\"http:\/\/help.opera.com\/Windows\/12.10\/pl\/cookies.html\" rel=\"nofollow noopener\" data-schema-attribute=\"\" target=\"_blank\">Oper<\/a><\/li><\/ul>\n\n\n\n<p>Mobile Ger\u00e4te:<\/p>\n\n\n\n<ul><li><a href=\"http:\/\/support.google.com\/chrome\/bin\/answer.py?hl=pl&amp;answer=95647\" rel=\"nofollow noopener\" data-schema-attribute=\"\" target=\"_blank\">Android<\/a><\/li><li><a href=\"http:\/\/support.apple.com\/kb\/HT1677?viewlocale=pl_PL\" rel=\"nofollow noopener\" data-schema-attribute=\"\" target=\"_blank\">Safari (iOS)<\/a><\/li><li><a href=\"http:\/\/www.windowsphone.com\/pl-pl\/how-to\/wp7\/web\/changing-privacy-and-other-browser-settings\" rel=\"nofollow noopener\" data-schema-attribute=\"\" target=\"_blank\">Windows Phone<\/a><\/li><\/ul>\n\n\n\n<p>Diese Richtlinienvorlage wurde kostenlos zu Informationszwecken erstellt, basierend auf unserem Wissen, Branchenpraktiken und gesetzlichen Bestimmungen, die am 14.08.2018 in Kraft sind. Wir empfehlen Ihnen, die Richtlinienvorlage zu \u00fcberpr\u00fcfen, bevor Sie sie auf der Website verwenden. Die Formel basiert auf den h\u00e4ufigsten Situationen auf Websites, stellt jedoch m\u00f6glicherweise nicht die vollst\u00e4ndigen und genauen Besonderheiten Ihrer dev.topcasino-en.com-Website dar. Lesen Sie das generierte Dokument sorgf\u00e4ltig durch und passen Sie es gegebenenfalls an Ihre Situation an oder wenden Sie sich an den Rechtsweg Rat. Wir \u00fcbernehmen keine Verantwortung f\u00fcr die Folgen der Verwendung dieses Dokuments, da nur Sie Einfluss darauf haben, ob alle darin enthaltenen Informationen der Wahrheit entsprechen. Beachten Sie auch, dass die Datenschutzrichtlinie, selbst die beste, nur eines der Elemente Ihrer Sorge um pers\u00f6nliche Daten und die Privatsph\u00e4re der Benutzer auf dev.topcasino-en.com ist<\/p>\n","protected":false},"excerpt":{"rendered":"<p>Die Datenschutzrichtlinie beschreibt die Regeln f\u00fcr die Verarbeitung von Informationen \u00fcber Sie durch uns 1. Allgemeine Information Diese Richtlinie gilt f\u00fcr die Website topcasino-pl.com, die unter der URL-Adresse betrieben wird: https:\/\/topcasino-pl.com\/Der Betreiber der Website und der Administrator der personenbezogenen Daten ist: Witold Koz\u0142owski.E-Mail-Kontaktadresse des Betreibers: ad.apply.seo@gmail.com.Der Betreiber ist der Administrator Ihrer pers\u00f6nlichen Daten in Bezug &hellip;<\/p>\n","protected":false},"author":1,"featured_media":0,"parent":0,"menu_order":0,"comment_status":"closed","ping_status":"closed","template":"","meta":[],"amp_enabled":true,"_links":{"self":[{"href":"https:\/\/topcasino-pl.com\/de\/wp-json\/wp\/v2\/pages\/1360"}],"collection":[{"href":"https:\/\/topcasino-pl.com\/de\/wp-json\/wp\/v2\/pages"}],"about":[{"href":"https:\/\/topcasino-pl.com\/de\/wp-json\/wp\/v2\/types\/page"}],"author":[{"embeddable":true,"href":"https:\/\/topcasino-pl.com\/de\/wp-json\/wp\/v2\/users\/1"}],"replies":[{"embeddable":true,"href":"https:\/\/topcasino-pl.com\/de\/wp-json\/wp\/v2\/comments?post=1360"}],"version-history":[{"count":5,"href":"https:\/\/topcasino-pl.com\/de\/wp-json\/wp\/v2\/pages\/1360\/revisions"}],"predecessor-version":[{"id":1370,"href":"https:\/\/topcasino-pl.com\/de\/wp-json\/wp\/v2\/pages\/1360\/revisions\/1370"}],"wp:attachment":[{"href":"https:\/\/topcasino-pl.com\/de\/wp-json\/wp\/v2\/media?parent=1360"}],"curies":[{"name":"wp","href":"https:\/\/api.w.org\/{rel}","templated":true}]}}